{"id":236634,"date":"2022-03-10T10:52:05","date_gmt":"2022-03-10T08:52:05","guid":{"rendered":"https:\/\/kronenhotels.no\/bakernes-paradis\/"},"modified":"2026-05-05T14:17:48","modified_gmt":"2026-05-05T12:17:48","slug":"bakernes-paradis","status":"publish","type":"page","link":"https:\/\/kronenhotels.no\/en\/bakernes-paradis\/","title":{"rendered":"Welcome to Bakernes Paradis"},"content":{"rendered":"<p>[et_pb_section fb_built=&#8221;1&#8243; custom_padding_last_edited=&#8221;on|tablet&#8221; module_class=&#8221;toppbanner_hotell_small&#8221; _builder_version=&#8221;4.27.4&#8243; _module_preset=&#8221;default&#8221; use_background_color_gradient=&#8221;on&#8221; background_color_gradient_direction=&#8221;90deg&#8221; background_color_gradient_stops=&#8221;rgba(2,10,4,0.7) 31%|rgba(10,10,10,0) 50%&#8221; background_color_gradient_overlays_image=&#8221;on&#8221; background_color_gradient_start=&#8221;rgba(2,10,4,0.7)&#8221; background_color_gradient_start_position=&#8221;30%&#8221; background_color_gradient_end=&#8221;rgba(10,10,10,0)&#8221; background_color_gradient_end_position=&#8221;50%&#8221; background_image=&#8221;https:\/\/kronenhotels.no\/wp-content\/uploads\/2022\/03\/Bakernes-Paradis-6.jpg&#8221; custom_margin=&#8221;||0px||false|false&#8221; custom_padding=&#8221;22vh||0px||false|false&#8221; custom_padding_tablet=&#8221;14vh||||false|false&#8221; custom_padding_phone=&#8221;10vh||||false|false&#8221; hover_enabled=&#8221;0&#8243; background_last_edited=&#8221;on|phone&#8221; background_color_gradient_stops_phone=&#8221;rgba(2,10,4,0.7) 20%|rgba(10,10,10,0) 100%&#8221; background_color_gradient_start_position_phone=&#8221;20%&#8221; background_color_gradient_end_position_phone=&#8221;100%&#8221; global_colors_info=&#8221;{}&#8221; locked=&#8221;off&#8221; sticky_enabled=&#8221;0&#8243;][et_pb_row custom_padding_last_edited=&#8221;off|desktop&#8221; _builder_version=&#8221;4.17.1&#8243; _module_preset=&#8221;default&#8221; positioning=&#8221;absolute&#8221; position_origin_a=&#8221;center_center&#8221; width_tablet=&#8221;80%&#8221; width_phone=&#8221;80%&#8221; width_last_edited=&#8221;off|desktop&#8221; custom_margin=&#8221;0px||0px||false|false&#8221; custom_margin_phone=&#8221;||||false|false&#8221; custom_margin_last_edited=&#8221;off|tablet&#8221; custom_padding=&#8221;0px||0px||false|false&#8221; custom_padding_tablet=&#8221;||0px|0px|false|false&#8221; custom_padding_phone=&#8221;0px||0px|0px|false|false&#8221; global_colors_info=&#8221;{}&#8221;][et_pb_column type=&#8221;4_4&#8243; _builder_version=&#8221;4.16&#8243; _module_preset=&#8221;default&#8221; global_colors_info=&#8221;{}&#8221;][et_pb_text _builder_version=&#8221;4.16&#8243; _module_preset=&#8221;7d26253f-5121-4022-bfac-4523c8db3f2a&#8221; global_colors_info=&#8221;{}&#8221;]<\/p>\n<h1>Bakernes Paradis<\/h1>\n<p>[\/et_pb_text][et_pb_text _builder_version=&#8221;4.27.4&#8243; _module_preset=&#8221;b319bab3-a8b2-4522-9746-1bb2492a735b&#8221; max_width=&#8221;390px&#8221; custom_margin=&#8221;||0px||false|false&#8221; custom_padding=&#8221;||0px||false|false&#8221; hover_enabled=&#8221;0&#8243; global_colors_info=&#8221;{}&#8221; sticky_enabled=&#8221;0&#8243;]<\/p>\n<h3>Caf\u00e9 and country store in Lauvvik by the H\u00f8gsfjord<\/h3>\n<p>[\/et_pb_text][\/et_pb_column][\/et_pb_row][et_pb_row custom_padding_last_edited=&#8221;on|phone&#8221; _builder_version=&#8221;4.17.1&#8243; _module_preset=&#8221;default&#8221; positioning=&#8221;absolute&#8221; position_origin_a=&#8221;bottom_right&#8221; width=&#8221;100%&#8221; width_tablet=&#8221;80%&#8221; width_phone=&#8221;80%&#8221; width_last_edited=&#8221;on|phone&#8221; max_width=&#8221;1780px&#8221; custom_margin=&#8221;||0px||false|false&#8221; custom_margin_phone=&#8221;||||false|false&#8221; custom_margin_last_edited=&#8221;off|tablet&#8221; custom_padding=&#8221;||0px|70px|false|false&#8221; custom_padding_tablet=&#8221;||0px|0px|false|false&#8221; custom_padding_phone=&#8221;||0px|0px|false|false&#8221; global_colors_info=&#8221;{}&#8221;][et_pb_column type=&#8221;4_4&#8243; _builder_version=&#8221;4.16&#8243; _module_preset=&#8221;default&#8221; global_colors_info=&#8221;{}&#8221;][et_pb_image src=&#8221;https:\/\/kronenhotels.no\/wp-content\/uploads\/2022\/03\/Grafisk-element.svg&#8221; title_text=&#8221;Grafisk element&#8221; _builder_version=&#8221;4.17.1&#8243; _module_preset=&#8221;3fce977e-db6d-462d-87c3-055f13be410f&#8221; global_colors_info=&#8221;{}&#8221;][\/et_pb_image][\/et_pb_column][\/et_pb_row][\/et_pb_section][et_pb_section fb_built=&#8221;1&#8243; custom_padding_last_edited=&#8221;on|phone&#8221; _builder_version=&#8221;4.16&#8243; _module_preset=&#8221;f68f1202-58af-45a3-9871-d94f4cff97ab&#8221; custom_margin=&#8221;50px||90px||false|false&#8221; custom_margin_phone=&#8221;20px||0px||false|false&#8221; custom_padding_tablet=&#8221;&#8221; custom_padding_phone=&#8221;||0px||false|false&#8221; global_colors_info=&#8221;{}&#8221; locked=&#8221;off&#8221;][et_pb_row column_structure=&#8221;1_2,1_2&#8243; use_custom_gutter=&#8221;on&#8221; gutter_width=&#8221;1&#8243; _builder_version=&#8221;4.16&#8243; _module_preset=&#8221;default&#8221; global_colors_info=&#8221;{}&#8221;][et_pb_column type=&#8221;1_2&#8243; _builder_version=&#8221;4.16&#8243; _module_preset=&#8221;default&#8221; global_colors_info=&#8221;{}&#8221;][et_pb_image src=&#8221;https:\/\/kronenhotels.no\/wp-content\/uploads\/2022\/03\/Bakernes-Paradis-12.jpg&#8221; title_text=&#8221;Bakernes-Paradis-12&#8243; _builder_version=&#8221;4.16&#8243; _module_preset=&#8221;f3276fcb-2b3b-4907-88c5-3409e938d757&#8243; global_colors_info=&#8221;{}&#8221;][\/et_pb_image][\/et_pb_column][et_pb_column type=&#8221;1_2&#8243; _builder_version=&#8221;4.16&#8243; _module_preset=&#8221;a29bb4bd-fa23-4944-ae03-9c5b01ce09f4&#8243; global_colors_info=&#8221;{}&#8221;][et_pb_text _builder_version=&#8221;4.27.4&#8243; _module_preset=&#8221;505268df-46f4-4701-8de9-e30c3e4b0a25&#8243; hover_enabled=&#8221;0&#8243; global_colors_info=&#8221;{}&#8221; sticky_enabled=&#8221;0&#8243;]<\/p>\n<h3>As close to the fjord as you can be<\/h3>\n<p>[\/et_pb_text][et_pb_text _builder_version=&#8221;4.27.4&#8243; _module_preset=&#8221;default&#8221; custom_margin=&#8221;||0px||false|false&#8221; custom_padding=&#8221;||0px||false|false&#8221; hover_enabled=&#8221;0&#8243; global_colors_info=&#8221;{}&#8221; sticky_enabled=&#8221;0&#8243;]<\/p>\n<p>In our caf\u00e9 and country store, we serve fish soup, coffee, and freshly baked goods. A wonderful place where the whole family can truly enjoy the day.<\/p>\n<p><strong>The caf\u00e9 is open from 11:00 to 17:00 every Sunday through September.<\/strong><\/p>\n<p>[\/et_pb_text][et_pb_text _builder_version=&#8221;4.27.4&#8243; _dynamic_attributes=&#8221;link_option_url&#8221; _module_preset=&#8221;e8d691e9-4eaf-427c-b95f-2062a860c006&#8243; link_option_url=&#8221;@ET-DC@eyJkeW5hbWljIjp0cnVlLCJjb250ZW50IjoicG9zdF9saW5rX3VybF9wYWdlIiwic2V0dGluZ3MiOnsicG9zdF9pZCI6IjIzOTA2NCJ9fQ==@&#8221; hover_enabled=&#8221;0&#8243; border_color_bottom=&#8221;gcid-b964e7e8-abb7-4617-873b-151aa3d000d5&#8243; global_colors_info=&#8221;{%22gcid-b964e7e8-abb7-4617-873b-151aa3d000d5%22:%91%22border_color_bottom%22%93}&#8221; sticky_enabled=&#8221;0&#8243;]<\/p>\n<p>More about our history<\/p>\n<p>[\/et_pb_text][\/et_pb_column][\/et_pb_row][\/et_pb_section][et_pb_section fb_built=&#8221;1&#8243; _builder_version=&#8221;4.16&#8243; _module_preset=&#8221;f68f1202-58af-45a3-9871-d94f4cff97ab&#8221; global_colors_info=&#8221;{}&#8221; locked=&#8221;off&#8221;][et_pb_row column_structure=&#8221;1_2,1_2&#8243; use_custom_gutter=&#8221;on&#8221; gutter_width=&#8221;1&#8243; _builder_version=&#8221;4.16&#8243; _module_preset=&#8221;default&#8221; custom_margin=&#8221;0px||||false|false&#8221; custom_padding=&#8221;0px||||false|false&#8221; global_colors_info=&#8221;{}&#8221;][et_pb_column type=&#8221;1_2&#8243; _builder_version=&#8221;4.16&#8243; _module_preset=&#8221;c188b1fa-383b-4855-be69-6874b26f95df&#8221; global_colors_info=&#8221;{}&#8221;][et_pb_text _builder_version=&#8221;4.27.4&#8243; _module_preset=&#8221;505268df-46f4-4701-8de9-e30c3e4b0a25&#8243; hover_enabled=&#8221;0&#8243; global_colors_info=&#8221;{}&#8221; sticky_enabled=&#8221;0&#8243;]<\/p>\n<h3>Stop by for a delicious bite to eat<\/h3>\n<p>[\/et_pb_text][et_pb_text _builder_version=&#8221;4.27.4&#8243; _module_preset=&#8221;default&#8221; custom_margin=&#8221;||0px||false|false&#8221; custom_padding=&#8221;||0px||false|false&#8221; hover_enabled=&#8221;0&#8243; global_colors_info=&#8221;{}&#8221; sticky_enabled=&#8221;0&#8243;]<\/p>\n<p>Our menu is based on local ingredients that reflect the place and its history.<\/p>\n<p>Here we draw inspiration from both sea and land, and you will once again find our popular fish soup on the menu.<\/p>\n<p>In addition, we offer a selection of baked goods, grilled H\u00f8gsfjord sandwiches with cheese and ham, hot dogs in bread, waffles, and of course homemade brownies and carrot cake from Kronen Gaard Hotel.<\/p>\n<p>[\/et_pb_text][et_pb_text _builder_version=&#8221;4.27.4&#8243; _dynamic_attributes=&#8221;link_option_url&#8221; _module_preset=&#8221;e8d691e9-4eaf-427c-b95f-2062a860c006&#8243; link_option_url=&#8221;@ET-DC@eyJkeW5hbWljIjp0cnVlLCJjb250ZW50IjoicG9zdF9saW5rX3VybF9wYWdlIiwic2V0dGluZ3MiOnsicG9zdF9pZCI6IjIzNjY0MSJ9fQ==@&#8221; hover_enabled=&#8221;0&#8243; border_color_bottom=&#8221;gcid-b964e7e8-abb7-4617-873b-151aa3d000d5&#8243; global_colors_info=&#8221;{%22gcid-b964e7e8-abb7-4617-873b-151aa3d000d5%22:%91%22border_color_bottom%22%93}&#8221; sticky_enabled=&#8221;0&#8243;]<\/p>\n<p>More information<\/p>\n<p>[\/et_pb_text][\/et_pb_column][et_pb_column type=&#8221;1_2&#8243; _builder_version=&#8221;4.16&#8243; _module_preset=&#8221;default&#8221; global_colors_info=&#8221;{}&#8221;][et_pb_image src=&#8221;https:\/\/kronenhotels.no\/wp-content\/uploads\/2022\/03\/Bakernes-Paradis-9.jpg&#8221; title_text=&#8221;Bakernes-Paradis-9&#8243; _builder_version=&#8221;4.16&#8243; _module_preset=&#8221;e960b35b-127e-4f0b-81cf-bf414cb9db89&#8243; global_colors_info=&#8221;{}&#8221;][\/et_pb_image][\/et_pb_column][\/et_pb_row][\/et_pb_section]<\/p>\n","protected":false},"excerpt":{"rendered":"<p>Bakernes ParadisCaf\u00e9 and country store in Lauvvik by the H\u00f8gsfjordAs close to the fjord as you can beIn our caf\u00e9 and country store, we serve fish soup, coffee, and freshly baked goods. A wonderful place where the whole family can truly enjoy the day. The caf\u00e9 is open from 11:00 to 17:00 every Sunday through [&hellip;]<\/p>\n","protected":false},"author":1,"featured_media":239396,"parent":0,"menu_order":0,"comment_status":"closed","ping_status":"closed","template":"","meta":{"_et_pb_use_builder":"on","_et_pb_old_content":"","_et_gb_content_width":"","footnotes":""},"class_list":["post-236634","page","type-page","status-publish","has-post-thumbnail","hentry"],"yoast_head":"<!-- This site is optimized with the Yoast SEO plugin v27.3 - https:\/\/yoast.com\/product\/yoast-seo-wordpress\/ -->\n<title>Welcome to Bakernes Paradis - Kronen Hotels<\/title>\n<meta name=\"description\" content=\"Located in Lauvvik, by H\u00f8gsfjorden, Bakernes Paradis is a fantastic place to visit for a day trip with the whole family. There is a caf\u00e9 in Heimahuset and activities for everyone at any age, whether it\u2019s fishing from the pier, swimming in the fjord, or having a picnic while enjoying the views.\" \/>\n<meta name=\"robots\" content=\"index, follow, max-snippet:-1, max-image-preview:large, max-video-preview:-1\" \/>\n<link rel=\"canonical\" href=\"https:\/\/kronenhotels.no\/en\/bakernes-paradis\/\" \/>\n<meta property=\"og:locale\" content=\"en_US\" \/>\n<meta property=\"og:type\" content=\"article\" \/>\n<meta property=\"og:title\" content=\"Welcome to Bakernes Paradis - Kronen Hotels\" \/>\n<meta property=\"og:description\" content=\"Located in Lauvvik, by H\u00f8gsfjorden, Bakernes Paradis is a fantastic place to visit for a day trip with the whole family. There is a caf\u00e9 in Heimahuset and activities for everyone at any age, whether it\u2019s fishing from the pier, swimming in the fjord, or having a picnic while enjoying the views.\" \/>\n<meta property=\"og:url\" content=\"https:\/\/kronenhotels.no\/en\/bakernes-paradis\/\" \/>\n<meta property=\"og:site_name\" content=\"Kronen Hotels\" \/>\n<meta property=\"article:modified_time\" content=\"2026-05-05T12:17:48+00:00\" \/>\n<meta property=\"og:image\" content=\"https:\/\/kronenhotels.no\/wp-content\/uploads\/2022\/05\/Bakernes-12-scaled.jpg\" \/>\n\t<meta property=\"og:image:width\" content=\"2560\" \/>\n\t<meta property=\"og:image:height\" content=\"1703\" \/>\n\t<meta property=\"og:image:type\" content=\"image\/jpeg\" \/>\n<meta name=\"twitter:card\" content=\"summary_large_image\" \/>\n<meta name=\"twitter:label1\" content=\"Est. reading time\" \/>\n\t<meta name=\"twitter:data1\" content=\"4 minutes\" \/>\n<script type=\"application\/ld+json\" class=\"yoast-schema-graph\">{\"@context\":\"https:\\\/\\\/schema.org\",\"@graph\":[{\"@type\":\"WebPage\",\"@id\":\"https:\\\/\\\/kronenhotels.no\\\/en\\\/bakernes-paradis\\\/\",\"url\":\"https:\\\/\\\/kronenhotels.no\\\/en\\\/bakernes-paradis\\\/\",\"name\":\"Welcome to Bakernes Paradis - Kronen Hotels\",\"isPartOf\":{\"@id\":\"https:\\\/\\\/kronenhotels.no\\\/en\\\/#website\"},\"primaryImageOfPage\":{\"@id\":\"https:\\\/\\\/kronenhotels.no\\\/en\\\/bakernes-paradis\\\/#primaryimage\"},\"image\":{\"@id\":\"https:\\\/\\\/kronenhotels.no\\\/en\\\/bakernes-paradis\\\/#primaryimage\"},\"thumbnailUrl\":\"https:\\\/\\\/kronenhotels.no\\\/wp-content\\\/uploads\\\/2022\\\/05\\\/Bakernes-12-scaled.jpg\",\"datePublished\":\"2022-03-10T08:52:05+00:00\",\"dateModified\":\"2026-05-05T12:17:48+00:00\",\"description\":\"Located in Lauvvik, by H\u00f8gsfjorden, Bakernes Paradis is a fantastic place to visit for a day trip with the whole family. There is a caf\u00e9 in Heimahuset and activities for everyone at any age, whether it\u2019s fishing from the pier, swimming in the fjord, or having a picnic while enjoying the views.\",\"breadcrumb\":{\"@id\":\"https:\\\/\\\/kronenhotels.no\\\/en\\\/bakernes-paradis\\\/#breadcrumb\"},\"inLanguage\":\"en-US\",\"potentialAction\":[{\"@type\":\"ReadAction\",\"target\":[\"https:\\\/\\\/kronenhotels.no\\\/en\\\/bakernes-paradis\\\/\"]}]},{\"@type\":\"ImageObject\",\"inLanguage\":\"en-US\",\"@id\":\"https:\\\/\\\/kronenhotels.no\\\/en\\\/bakernes-paradis\\\/#primaryimage\",\"url\":\"https:\\\/\\\/kronenhotels.no\\\/wp-content\\\/uploads\\\/2022\\\/05\\\/Bakernes-12-scaled.jpg\",\"contentUrl\":\"https:\\\/\\\/kronenhotels.no\\\/wp-content\\\/uploads\\\/2022\\\/05\\\/Bakernes-12-scaled.jpg\",\"width\":2560,\"height\":1703},{\"@type\":\"BreadcrumbList\",\"@id\":\"https:\\\/\\\/kronenhotels.no\\\/en\\\/bakernes-paradis\\\/#breadcrumb\",\"itemListElement\":[{\"@type\":\"ListItem\",\"position\":1,\"name\":\"Home\",\"item\":\"https:\\\/\\\/kronenhotels.no\\\/en\\\/\"},{\"@type\":\"ListItem\",\"position\":2,\"name\":\"Welcome to Bakernes Paradis\"}]},{\"@type\":\"WebSite\",\"@id\":\"https:\\\/\\\/kronenhotels.no\\\/en\\\/#website\",\"url\":\"https:\\\/\\\/kronenhotels.no\\\/en\\\/\",\"name\":\"Kronen Hotels\",\"description\":\"Great experiences based on Norwegian culture, nature and history.\",\"potentialAction\":[{\"@type\":\"SearchAction\",\"target\":{\"@type\":\"EntryPoint\",\"urlTemplate\":\"https:\\\/\\\/kronenhotels.no\\\/en\\\/?s={search_term_string}\"},\"query-input\":{\"@type\":\"PropertyValueSpecification\",\"valueRequired\":true,\"valueName\":\"search_term_string\"}}],\"inLanguage\":\"en-US\"}]}<\/script>\n<!-- \/ Yoast SEO plugin. -->","yoast_head_json":{"title":"Welcome to Bakernes Paradis - Kronen Hotels","description":"Located in Lauvvik, by H\u00f8gsfjorden, Bakernes Paradis is a fantastic place to visit for a day trip with the whole family. There is a caf\u00e9 in Heimahuset and activities for everyone at any age, whether it\u2019s fishing from the pier, swimming in the fjord, or having a picnic while enjoying the views.","robots":{"index":"index","follow":"follow","max-snippet":"max-snippet:-1","max-image-preview":"max-image-preview:large","max-video-preview":"max-video-preview:-1"},"canonical":"https:\/\/kronenhotels.no\/en\/bakernes-paradis\/","og_locale":"en_US","og_type":"article","og_title":"Welcome to Bakernes Paradis - Kronen Hotels","og_description":"Located in Lauvvik, by H\u00f8gsfjorden, Bakernes Paradis is a fantastic place to visit for a day trip with the whole family. There is a caf\u00e9 in Heimahuset and activities for everyone at any age, whether it\u2019s fishing from the pier, swimming in the fjord, or having a picnic while enjoying the views.","og_url":"https:\/\/kronenhotels.no\/en\/bakernes-paradis\/","og_site_name":"Kronen Hotels","article_modified_time":"2026-05-05T12:17:48+00:00","og_image":[{"width":2560,"height":1703,"url":"https:\/\/kronenhotels.no\/wp-content\/uploads\/2022\/05\/Bakernes-12-scaled.jpg","type":"image\/jpeg"}],"twitter_card":"summary_large_image","twitter_misc":{"Est. reading time":"4 minutes"},"schema":{"@context":"https:\/\/schema.org","@graph":[{"@type":"WebPage","@id":"https:\/\/kronenhotels.no\/en\/bakernes-paradis\/","url":"https:\/\/kronenhotels.no\/en\/bakernes-paradis\/","name":"Welcome to Bakernes Paradis - Kronen Hotels","isPartOf":{"@id":"https:\/\/kronenhotels.no\/en\/#website"},"primaryImageOfPage":{"@id":"https:\/\/kronenhotels.no\/en\/bakernes-paradis\/#primaryimage"},"image":{"@id":"https:\/\/kronenhotels.no\/en\/bakernes-paradis\/#primaryimage"},"thumbnailUrl":"https:\/\/kronenhotels.no\/wp-content\/uploads\/2022\/05\/Bakernes-12-scaled.jpg","datePublished":"2022-03-10T08:52:05+00:00","dateModified":"2026-05-05T12:17:48+00:00","description":"Located in Lauvvik, by H\u00f8gsfjorden, Bakernes Paradis is a fantastic place to visit for a day trip with the whole family. There is a caf\u00e9 in Heimahuset and activities for everyone at any age, whether it\u2019s fishing from the pier, swimming in the fjord, or having a picnic while enjoying the views.","breadcrumb":{"@id":"https:\/\/kronenhotels.no\/en\/bakernes-paradis\/#breadcrumb"},"inLanguage":"en-US","potentialAction":[{"@type":"ReadAction","target":["https:\/\/kronenhotels.no\/en\/bakernes-paradis\/"]}]},{"@type":"ImageObject","inLanguage":"en-US","@id":"https:\/\/kronenhotels.no\/en\/bakernes-paradis\/#primaryimage","url":"https:\/\/kronenhotels.no\/wp-content\/uploads\/2022\/05\/Bakernes-12-scaled.jpg","contentUrl":"https:\/\/kronenhotels.no\/wp-content\/uploads\/2022\/05\/Bakernes-12-scaled.jpg","width":2560,"height":1703},{"@type":"BreadcrumbList","@id":"https:\/\/kronenhotels.no\/en\/bakernes-paradis\/#breadcrumb","itemListElement":[{"@type":"ListItem","position":1,"name":"Home","item":"https:\/\/kronenhotels.no\/en\/"},{"@type":"ListItem","position":2,"name":"Welcome to Bakernes Paradis"}]},{"@type":"WebSite","@id":"https:\/\/kronenhotels.no\/en\/#website","url":"https:\/\/kronenhotels.no\/en\/","name":"Kronen Hotels","description":"Great experiences based on Norwegian culture, nature and history.","potentialAction":[{"@type":"SearchAction","target":{"@type":"EntryPoint","urlTemplate":"https:\/\/kronenhotels.no\/en\/?s={search_term_string}"},"query-input":{"@type":"PropertyValueSpecification","valueRequired":true,"valueName":"search_term_string"}}],"inLanguage":"en-US"}]}},"_links":{"self":[{"href":"https:\/\/kronenhotels.no\/en\/wp-json\/wp\/v2\/pages\/236634","targetHints":{"allow":["GET"]}}],"collection":[{"href":"https:\/\/kronenhotels.no\/en\/wp-json\/wp\/v2\/pages"}],"about":[{"href":"https:\/\/kronenhotels.no\/en\/wp-json\/wp\/v2\/types\/page"}],"author":[{"embeddable":true,"href":"https:\/\/kronenhotels.no\/en\/wp-json\/wp\/v2\/users\/1"}],"replies":[{"embeddable":true,"href":"https:\/\/kronenhotels.no\/en\/wp-json\/wp\/v2\/comments?post=236634"}],"version-history":[{"count":0,"href":"https:\/\/kronenhotels.no\/en\/wp-json\/wp\/v2\/pages\/236634\/revisions"}],"wp:featuredmedia":[{"embeddable":true,"href":"https:\/\/kronenhotels.no\/en\/wp-json\/wp\/v2\/media\/239396"}],"wp:attachment":[{"href":"https:\/\/kronenhotels.no\/en\/wp-json\/wp\/v2\/media?parent=236634"}],"curies":[{"name":"wp","href":"https:\/\/api.w.org\/{rel}","templated":true}]}}