{"id":236853,"date":"2022-03-16T14:35:58","date_gmt":"2022-03-16T14:35:58","guid":{"rendered":"https:\/\/kronenhotels.no\/tilbud\/"},"modified":"2022-10-12T13:52:03","modified_gmt":"2022-10-12T13:52:03","slug":"special-offers","status":"publish","type":"page","link":"https:\/\/kronenhotels.no\/en\/special-offers\/","title":{"rendered":"Special Offers"},"content":{"rendered":"<p>[et_pb_section fb_built=&#8221;1&#8243; _builder_version=&#8221;4.17.1&#8243; _module_preset=&#8221;ca9af37d-0a36-4b1a-b14a-53b6c3c28e72&#8243; background_image=&#8221;https:\/\/kronenhotels.no\/wp-content\/uploads\/2022\/05\/Bakernes-Paradis-14.jpg&#8221; global_colors_info=&#8221;{}&#8221;][\/et_pb_section][et_pb_section fb_built=&#8221;1&#8243; admin_label=&#8221;Referanser&#8221; _builder_version=&#8221;4.16&#8243; _module_preset=&#8221;700a669e-070c-4b5c-baf9-28d57d76c535&#8243; global_colors_info=&#8221;{}&#8221;][et_pb_row _builder_version=&#8221;4.16&#8243; _module_preset=&#8221;default&#8221; global_colors_info=&#8221;{}&#8221;][et_pb_column type=&#8221;4_4&#8243; _builder_version=&#8221;4.16&#8243; _module_preset=&#8221;default&#8221; global_colors_info=&#8221;{}&#8221;][et_pb_text _builder_version=&#8221;4.17.1&#8243; _module_preset=&#8221;4c845d14-0912-4529-b6e2-13e125164a77&#8243; max_width=&#8221;555px&#8221; global_colors_info=&#8221;{}&#8221;]<\/p>\n<h1 style=\"text-align: center;\">Special Offers<\/h1>\n<p>[\/et_pb_text][et_pb_text _builder_version=&#8221;4.17.1&#8243; _module_preset=&#8221;default&#8221; max_width=&#8221;600px&#8221; module_alignment=&#8221;center&#8221; global_colors_info=&#8221;{}&#8221;]<\/p>\n<p style=\"text-align: center;\"><span>Enjoy discounts and special offers directly from Kronen Hotels.<br \/>Be sure to check this page for updates on events and offers.<\/span><\/p>\n<p>[\/et_pb_text][et_pb_button button_url=&#8221;@ET-DC@eyJkeW5hbWljIjp0cnVlLCJjb250ZW50IjoicG9zdF9saW5rX3VybF9wYWdlIiwic2V0dGluZ3MiOnsicG9zdF9pZCI6IjIzMzUxOSJ9fQ==@&#8221; button_text=&#8221;Contact Us&#8221; button_alignment=&#8221;center&#8221; _builder_version=&#8221;4.17.4&#8243; _dynamic_attributes=&#8221;button_url&#8221; _module_preset=&#8221;9ddd6444-d6f7-4160-a9c0-8fd4e366241a&#8221; global_colors_info=&#8221;{}&#8221;][\/et_pb_button][\/et_pb_column][\/et_pb_row][et_pb_row column_structure=&#8221;1_3,1_3,1_3&#8243; _builder_version=&#8221;4.17.1&#8243; _module_preset=&#8221;default&#8221; global_colors_info=&#8221;{}&#8221;][et_pb_column type=&#8221;1_3&#8243; _builder_version=&#8221;4.16&#8243; _module_preset=&#8221;abda5b4a-5446-4d96-8425-8dfa8b3ee50b&#8221; border_color_all=&#8221;rgba(10,10,10,0.1)&#8221; global_colors_info=&#8221;{}&#8221;][et_pb_text _builder_version=&#8221;4.17.1&#8243; _module_preset=&#8221;67011609-7039-4cc1-858a-1df5613afffb&#8221; global_colors_info=&#8221;{}&#8221;]<\/p>\n<h4>Dining at GamlaV\u00e6rket<\/h4>\n<p>[\/et_pb_text][et_pb_text _builder_version=&#8221;4.17.1&#8243; _module_preset=&#8221;default&#8221; global_colors_info=&#8221;{}&#8221;]<\/p>\n<p><span>Guests at Hotel Sverre can enjoy 10% off on all dining* at GamlaV\u00e6rket for the duration of their stay.\u00a0<\/span><span><\/span><\/p>\n<p><em>*This offer excludes alcoholic beverages.<\/em><\/p>\n<p>[\/et_pb_text][\/et_pb_column][et_pb_column type=&#8221;1_3&#8243; disabled_on=&#8221;on|on|on&#8221; _builder_version=&#8221;4.17.1&#8243; _module_preset=&#8221;abda5b4a-5446-4d96-8425-8dfa8b3ee50b&#8221; border_color_all=&#8221;rgba(10,10,10,0.1)&#8221; disabled=&#8221;on&#8221; global_colors_info=&#8221;{}&#8221;][et_pb_text disabled_on=&#8221;off|off|off&#8221; _builder_version=&#8221;4.17.1&#8243; _module_preset=&#8221;67011609-7039-4cc1-858a-1df5613afffb&#8221; global_colors_info=&#8221;{}&#8221;]<\/p>\n<h4>Vitenfabrikken for hele familien<\/h4>\n<p>[\/et_pb_text][et_pb_text _builder_version=&#8221;4.16&#8243; _module_preset=&#8221;default&#8221; global_colors_info=&#8221;{}&#8221;]<\/p>\n<p>N\u00e5 kan du ta med hele familien p\u00e5 Hotel Sverre og bes\u00f8ke Vitenfabrikken.<\/p>\n<p>Pakkepris for overnatting med frokost p\u00e5 Hotel Sverre og inngang i Vitenfabrikken er 1 395,- NOK for 2 voksne og 3 barn.<\/p>\n<p>Bestill p\u00e5 tlf. 51 97 30 00 eller e-post:<span>\u00a0<\/span><span><a href=\"mailto:booking@hotel-sverre.no\">booking@hotel-sverre.no<\/a><\/span>.<\/p>\n<p>[\/et_pb_text][\/et_pb_column][et_pb_column type=&#8221;1_3&#8243; disabled_on=&#8221;on|on|on&#8221; _builder_version=&#8221;4.17.1&#8243; _module_preset=&#8221;abda5b4a-5446-4d96-8425-8dfa8b3ee50b&#8221; border_color_all=&#8221;rgba(10,10,10,0.1)&#8221; disabled=&#8221;on&#8221; global_colors_info=&#8221;{}&#8221;][et_pb_text _builder_version=&#8221;4.16&#8243; _module_preset=&#8221;67011609-7039-4cc1-858a-1df5613afffb&#8221; global_colors_info=&#8221;{}&#8221;]<\/p>\n<h4>Billetter til kongeparken<\/h4>\n<p>[\/et_pb_text][et_pb_text _builder_version=&#8221;4.16&#8243; _module_preset=&#8221;default&#8221; global_colors_info=&#8221;{}&#8221;]<\/p>\n<p><span>Gj\u00f8r deg klar for litt familieopplevelse! Gjester p\u00e5 Hotel Sverre kan kj\u00f8pe billetter til Kongeparken direkte i resepsjonen, eller ved \u00e5 kontakte oss her.<\/span><\/p>\n<p>[\/et_pb_text][\/et_pb_column][\/et_pb_row][\/et_pb_section][et_pb_section fb_built=&#8221;1&#8243; custom_padding_last_edited=&#8221;on|tablet&#8221; _builder_version=&#8221;4.16&#8243; _module_preset=&#8221;9c6fb0b9-76b6-41a4-b1b4-906205acd660&#8243; use_background_color_gradient=&#8221;on&#8221; background_color_gradient_direction=&#8221;90deg&#8221; background_color_gradient_stops=&#8221;rgba(255,255,255,0.9) 50%|rgba(255,255,255,0) 100%&#8221; background_color_gradient_overlays_image=&#8221;on&#8221; background_color_gradient_start=&#8221;rgba(255,255,255,0.9)&#8221; background_color_gradient_start_position=&#8221;50%&#8221; background_color_gradient_end=&#8221;rgba(255,255,255,0)&#8221; background_image=&#8221;https:\/\/kronenhotels.no\/wp-content\/uploads\/2022\/03\/Gamlave\u0308rket-39.jpg&#8221; custom_padding=&#8221;||||false|false&#8221; custom_padding_tablet=&#8221;||||false|false&#8221; custom_padding_phone=&#8221;||||false|false&#8221; background_last_edited=&#8221;on|phone&#8221; use_background_color_gradient_phone=&#8221;on&#8221; background_color_gradient_stops_phone=&#8221;rgba(255,255,255,0.9) 50%|rgba(255,255,255,0.73) 100%&#8221; background_color_gradient_end_phone=&#8221;rgba(255,255,255,0.73)&#8221; global_module=&#8221;239037&#8243; saved_tabs=&#8221;all&#8221; locked=&#8221;off&#8221; global_colors_info=&#8221;{}&#8221;][et_pb_row _builder_version=&#8221;4.16&#8243; _module_preset=&#8221;548b74fd-2ad8-4870-a97c-1e19ac361f3b&#8221; global_colors_info=&#8221;{}&#8221;][et_pb_column type=&#8221;4_4&#8243; _builder_version=&#8221;4.16&#8243; _module_preset=&#8221;default&#8221; global_colors_info=&#8221;{}&#8221;][et_pb_text _builder_version=&#8221;4.17.1&#8243; _module_preset=&#8221;default&#8221; custom_margin=&#8221;||0px||false|false&#8221; custom_padding=&#8221;||0px||false|false&#8221; global_colors_info=&#8221;{}&#8221;]<\/p>\n<p>The perfect gift<\/p>\n<p>[\/et_pb_text][et_pb_text _builder_version=&#8221;4.16&#8243; _module_preset=&#8221;ed9733e9-ea92-46fc-8780-8ef431458ce5&#8243; custom_padding=&#8221;||||false|false&#8221; global_colors_info=&#8221;{}&#8221;]<\/p>\n<h2>Buy a gift card for someone special<\/h2>\n<p>[\/et_pb_text][et_pb_text _builder_version=&#8221;4.17.1&#8243; _module_preset=&#8221;default&#8221; max_width=&#8221;800px&#8221; custom_margin=&#8221;||30px||false|false&#8221; global_colors_info=&#8221;{}&#8221;]<\/p>\n<p>A gift card from Kronen Hotels gives one access to several of Rogaland&#8217;s best experiences &#8211; from fantastic dining experiences, to romantic weekend getaways and adventures in Lysefjorden. Be sure to check out our offers and packages here.<\/p>\n<p>[\/et_pb_text][et_pb_button button_url=&#8221;@ET-DC@eyJkeW5hbWljIjp0cnVlLCJjb250ZW50IjoicG9zdF9saW5rX3VybF9wYWdlIiwic2V0dGluZ3MiOnsicG9zdF9pZCI6IjI0MjI0MiJ9fQ==@&#8221; button_text=&#8221;Buy a Gift Card&#8221; _builder_version=&#8221;4.18.0&#8243; _module_preset=&#8221;9ddd6444-d6f7-4160-a9c0-8fd4e366241a&#8221; hover_enabled=&#8221;0&#8243; global_colors_info=&#8221;{}&#8221; _dynamic_attributes=&#8221;button_url&#8221; sticky_enabled=&#8221;0&#8243;][\/et_pb_button][\/et_pb_column][\/et_pb_row][\/et_pb_section]<\/p>\n","protected":false},"excerpt":{"rendered":"<p>Special OffersEnjoy discounts and special offers directly from Kronen Hotels.Be sure to check this page for updates on events and offers.Dining at GamlaV\u00e6rketGuests at Hotel Sverre can enjoy 10% off on all dining* at GamlaV\u00e6rket for the duration of their stay.\u00a0 *This offer excludes alcoholic beverages.Vitenfabrikken for hele familienN\u00e5 kan du ta med hele familien [&hellip;]<\/p>\n","protected":false},"author":1,"featured_media":0,"parent":0,"menu_order":0,"comment_status":"closed","ping_status":"closed","template":"","meta":{"_et_pb_use_builder":"on","_et_pb_old_content":"","_et_gb_content_width":"","footnotes":""},"class_list":["post-236853","page","type-page","status-publish","hentry"],"yoast_head":"<!-- This site is optimized with the Yoast SEO plugin v27.3 - https:\/\/yoast.com\/product\/yoast-seo-wordpress\/ -->\n<title>Special Offers - Kronen Hotels<\/title>\n<meta name=\"robots\" content=\"index, follow, max-snippet:-1, max-image-preview:large, max-video-preview:-1\" \/>\n<link rel=\"canonical\" href=\"https:\/\/kronenhotels.no\/en\/special-offers\/\" \/>\n<meta property=\"og:locale\" content=\"en_US\" \/>\n<meta property=\"og:type\" content=\"article\" \/>\n<meta property=\"og:title\" content=\"Special Offers - Kronen Hotels\" \/>\n<meta property=\"og:description\" content=\"Special OffersEnjoy discounts and special offers directly from Kronen Hotels.Be sure to check this page for updates on events and offers.Dining at GamlaV\u00e6rketGuests at Hotel Sverre can enjoy 10% off on all dining* at GamlaV\u00e6rket for the duration of their stay.\u00a0 *This offer excludes alcoholic beverages.Vitenfabrikken for hele familienN\u00e5 kan du ta med hele familien [&hellip;]\" \/>\n<meta property=\"og:url\" content=\"https:\/\/kronenhotels.no\/en\/special-offers\/\" \/>\n<meta property=\"og:site_name\" content=\"Kronen Hotels\" \/>\n<meta property=\"article:modified_time\" content=\"2022-10-12T13:52:03+00:00\" \/>\n<meta name=\"twitter:card\" content=\"summary_large_image\" \/>\n<meta name=\"twitter:label1\" content=\"Est. reading time\" \/>\n\t<meta name=\"twitter:data1\" content=\"2 minutes\" \/>\n<script type=\"application\/ld+json\" class=\"yoast-schema-graph\">{\"@context\":\"https:\\\/\\\/schema.org\",\"@graph\":[{\"@type\":\"WebPage\",\"@id\":\"https:\\\/\\\/kronenhotels.no\\\/en\\\/special-offers\\\/\",\"url\":\"https:\\\/\\\/kronenhotels.no\\\/en\\\/special-offers\\\/\",\"name\":\"Special Offers - Kronen Hotels\",\"isPartOf\":{\"@id\":\"https:\\\/\\\/kronenhotels.no\\\/en\\\/#website\"},\"datePublished\":\"2022-03-16T14:35:58+00:00\",\"dateModified\":\"2022-10-12T13:52:03+00:00\",\"breadcrumb\":{\"@id\":\"https:\\\/\\\/kronenhotels.no\\\/en\\\/special-offers\\\/#breadcrumb\"},\"inLanguage\":\"en-US\",\"potentialAction\":[{\"@type\":\"ReadAction\",\"target\":[\"https:\\\/\\\/kronenhotels.no\\\/en\\\/special-offers\\\/\"]}]},{\"@type\":\"BreadcrumbList\",\"@id\":\"https:\\\/\\\/kronenhotels.no\\\/en\\\/special-offers\\\/#breadcrumb\",\"itemListElement\":[{\"@type\":\"ListItem\",\"position\":1,\"name\":\"Home\",\"item\":\"https:\\\/\\\/kronenhotels.no\\\/en\\\/\"},{\"@type\":\"ListItem\",\"position\":2,\"name\":\"Special Offers\"}]},{\"@type\":\"WebSite\",\"@id\":\"https:\\\/\\\/kronenhotels.no\\\/en\\\/#website\",\"url\":\"https:\\\/\\\/kronenhotels.no\\\/en\\\/\",\"name\":\"Kronen Hotels\",\"description\":\"Great experiences based on Norwegian culture, nature and history.\",\"potentialAction\":[{\"@type\":\"SearchAction\",\"target\":{\"@type\":\"EntryPoint\",\"urlTemplate\":\"https:\\\/\\\/kronenhotels.no\\\/en\\\/?s={search_term_string}\"},\"query-input\":{\"@type\":\"PropertyValueSpecification\",\"valueRequired\":true,\"valueName\":\"search_term_string\"}}],\"inLanguage\":\"en-US\"}]}<\/script>\n<!-- \/ Yoast SEO plugin. -->","yoast_head_json":{"title":"Special Offers - Kronen Hotels","robots":{"index":"index","follow":"follow","max-snippet":"max-snippet:-1","max-image-preview":"max-image-preview:large","max-video-preview":"max-video-preview:-1"},"canonical":"https:\/\/kronenhotels.no\/en\/special-offers\/","og_locale":"en_US","og_type":"article","og_title":"Special Offers - Kronen Hotels","og_description":"Special OffersEnjoy discounts and special offers directly from Kronen Hotels.Be sure to check this page for updates on events and offers.Dining at GamlaV\u00e6rketGuests at Hotel Sverre can enjoy 10% off on all dining* at GamlaV\u00e6rket for the duration of their stay.\u00a0 *This offer excludes alcoholic beverages.Vitenfabrikken for hele familienN\u00e5 kan du ta med hele familien [&hellip;]","og_url":"https:\/\/kronenhotels.no\/en\/special-offers\/","og_site_name":"Kronen Hotels","article_modified_time":"2022-10-12T13:52:03+00:00","twitter_card":"summary_large_image","twitter_misc":{"Est. reading time":"2 minutes"},"schema":{"@context":"https:\/\/schema.org","@graph":[{"@type":"WebPage","@id":"https:\/\/kronenhotels.no\/en\/special-offers\/","url":"https:\/\/kronenhotels.no\/en\/special-offers\/","name":"Special Offers - Kronen Hotels","isPartOf":{"@id":"https:\/\/kronenhotels.no\/en\/#website"},"datePublished":"2022-03-16T14:35:58+00:00","dateModified":"2022-10-12T13:52:03+00:00","breadcrumb":{"@id":"https:\/\/kronenhotels.no\/en\/special-offers\/#breadcrumb"},"inLanguage":"en-US","potentialAction":[{"@type":"ReadAction","target":["https:\/\/kronenhotels.no\/en\/special-offers\/"]}]},{"@type":"BreadcrumbList","@id":"https:\/\/kronenhotels.no\/en\/special-offers\/#breadcrumb","itemListElement":[{"@type":"ListItem","position":1,"name":"Home","item":"https:\/\/kronenhotels.no\/en\/"},{"@type":"ListItem","position":2,"name":"Special Offers"}]},{"@type":"WebSite","@id":"https:\/\/kronenhotels.no\/en\/#website","url":"https:\/\/kronenhotels.no\/en\/","name":"Kronen Hotels","description":"Great experiences based on Norwegian culture, nature and history.","potentialAction":[{"@type":"SearchAction","target":{"@type":"EntryPoint","urlTemplate":"https:\/\/kronenhotels.no\/en\/?s={search_term_string}"},"query-input":{"@type":"PropertyValueSpecification","valueRequired":true,"valueName":"search_term_string"}}],"inLanguage":"en-US"}]}},"_links":{"self":[{"href":"https:\/\/kronenhotels.no\/en\/wp-json\/wp\/v2\/pages\/236853","targetHints":{"allow":["GET"]}}],"collection":[{"href":"https:\/\/kronenhotels.no\/en\/wp-json\/wp\/v2\/pages"}],"about":[{"href":"https:\/\/kronenhotels.no\/en\/wp-json\/wp\/v2\/types\/page"}],"author":[{"embeddable":true,"href":"https:\/\/kronenhotels.no\/en\/wp-json\/wp\/v2\/users\/1"}],"replies":[{"embeddable":true,"href":"https:\/\/kronenhotels.no\/en\/wp-json\/wp\/v2\/comments?post=236853"}],"version-history":[{"count":0,"href":"https:\/\/kronenhotels.no\/en\/wp-json\/wp\/v2\/pages\/236853\/revisions"}],"wp:attachment":[{"href":"https:\/\/kronenhotels.no\/en\/wp-json\/wp\/v2\/media?parent=236853"}],"curies":[{"name":"wp","href":"https:\/\/api.w.org\/{rel}","templated":true}]}}