{"id":240591,"date":"2022-03-23T10:16:59","date_gmt":"2022-03-23T08:16:59","guid":{"rendered":"https:\/\/kronenhotels.no\/st-svithun-hotell\/cafe\/"},"modified":"2025-11-24T10:01:53","modified_gmt":"2025-11-24T10:01:53","slug":"cafe","status":"publish","type":"page","link":"https:\/\/kronenhotels.no\/en\/st-svithun-hotell\/cafe\/","title":{"rendered":"Caf\u00e9 &#8211; St. Svithun Hotell"},"content":{"rendered":"<p>[et_pb_section fb_built=&#8221;1&#8243; _builder_version=&#8221;4.27.4&#8243; _module_preset=&#8221;ca9af37d-0a36-4b1a-b14a-53b6c3c28e72&#8243; background_image=&#8221;https:\/\/kronenhotels.no\/wp-content\/uploads\/2025\/02\/St.Svithun-7436-scaled.jpg&#8221; background_position=&#8221;center_right&#8221; global_colors_info=&#8221;{}&#8221;][et_pb_row _builder_version=&#8221;4.21.0&#8243; _module_preset=&#8221;default&#8221; global_colors_info=&#8221;{}&#8221;][et_pb_column type=&#8221;4_4&#8243; _builder_version=&#8221;4.21.0&#8243; _module_preset=&#8221;default&#8221; global_colors_info=&#8221;{}&#8221;][et_pb_code _builder_version=&#8221;4.21.0&#8243; _module_preset=&#8221;default&#8221; global_colors_info=&#8221;{}&#8221;]<!-- Start of Bookboost Snippet --><!-- [et_pb_line_break_holder] --><script type=\"text\/javascript\"><!-- [et_pb_line_break_holder] -->      !function(t,n,r,e,s){function o(){try{var e;if((e='string'==typeof this.response?JSON.parse(this.response):this.response<!-- [et_pb_line_break_holder] -->      ).url&&e.options&&e.isActive){t[r].o=e.options;var s=n.getElementsByTagName('script')[0],o=n.createElement('script');o.async=!0,o.src=e.url,<!-- [et_pb_line_break_holder] -->      s.parentNode.insertBefore(o,s)}}catch(e){console.error('BookboostLoaderError:',e)}}s=s||'https:\/\/app.bookboost.io',<!-- [et_pb_line_break_holder] -->      t.BookboostWebMessengerObject=r,t[r]=function(){t[r].f.apply(this,arguments)},t[r].f=function(){t[r].q.push(arguments)},t[r].q=[]<!-- [et_pb_line_break_holder] -->      ;var i=new XMLHttpRequest;i.addEventListener('load',o),i.open('GET',s+'\/api\/v2\/websites\/'+e+'\/settings\/web-messenger'),i.responseType='json'<!-- [et_pb_line_break_holder] -->      ,i.send()}(window,document,'bb','419612ff076e8440');<!-- [et_pb_line_break_holder] --><\/script><!-- [et_pb_line_break_holder] --><!-- End of Bookboost Snippet - www.bookboost.io -->[\/et_pb_code][\/et_pb_column][\/et_pb_row][\/et_pb_section][et_pb_section fb_built=&#8221;1&#8243; admin_label=&#8221;Referanser&#8221; _builder_version=&#8221;4.16&#8243; _module_preset=&#8221;700a669e-070c-4b5c-baf9-28d57d76c535&#8243; custom_margin=&#8221;||35px||false|false&#8221; custom_padding=&#8221;||35px|||&#8221; global_colors_info=&#8221;{}&#8221;][et_pb_row module_class=&#8221;pa-inline-buttons&#8221; _builder_version=&#8221;4.16&#8243; _module_preset=&#8221;default&#8221; global_colors_info=&#8221;{}&#8221;][et_pb_column type=&#8221;4_4&#8243; _builder_version=&#8221;4.16&#8243; _module_preset=&#8221;default&#8221; global_colors_info=&#8221;{}&#8221;][et_pb_text _builder_version=&#8221;4.17.4&#8243; _module_preset=&#8221;default&#8221; custom_margin=&#8221;||10px||false|false&#8221; global_colors_info=&#8221;{}&#8221;]<\/p>\n<div class=\"et_pb_module et_pb_text et_pb_text_0 et_pb_text_align_left et_pb_bg_layout_light et_had_animation\">\n<div class=\"et_pb_text_inner\">\n<p style=\"text-align: center;\">Dine with us<\/p>\n<\/div>\n<\/div>\n<p>[\/et_pb_text][et_pb_text _builder_version=&#8221;4.16&#8243; _module_preset=&#8221;4c845d14-0912-4529-b6e2-13e125164a77&#8243; global_colors_info=&#8221;{}&#8221;]<\/p>\n<h1 style=\"text-align: center;\">Caf\u00e9 Morgenr\u00f8d<\/h1>\n<p>[\/et_pb_text][et_pb_text _builder_version=&#8221;4.27.4&#8243; _module_preset=&#8221;default&#8221; max_width=&#8221;800px&#8221; module_alignment=&#8221;center&#8221; custom_padding=&#8221;||0px|||&#8221; global_colors_info=&#8221;{}&#8221;]<\/p>\n<p data-start=\"81\" data-end=\"279\" style=\"text-align: center;\">Caf\u00e9 Morgenr\u00f8d at St. Svithun Hotell serves breakfast and lunch Monday\u2013Friday, and breakfast on weekends.<\/p>\n<p>[\/et_pb_text][et_pb_button button_url=&#8221;@ET-DC@eyJkeW5hbWljIjp0cnVlLCJjb250ZW50IjoicG9zdF9saW5rX3VybF9hdHRhY2htZW50Iiwic2V0dGluZ3MiOnsicG9zdF9pZCI6IjI0NzgxMiJ9fQ==@&#8221; url_new_window=&#8221;on&#8221; button_text=&#8221;Menu&#8221; disabled_on=&#8221;off|off|off&#8221; _builder_version=&#8221;4.27.4&#8243; _dynamic_attributes=&#8221;button_url&#8221; _module_preset=&#8221;44cacfcc-850e-48bb-b909-2c82d5b71dcf&#8221; button_bg_color=&#8221;gcid-40c52551-6cfe-48fc-bb6f-0c58add1570e&#8221; custom_margin=&#8221;|||10px|false|false&#8221; custom_margin_tablet=&#8221;|||10px|false|false&#8221; custom_margin_phone=&#8221;|||0px|false|false&#8221; saved_tabs=&#8221;all&#8221; global_colors_info=&#8221;{%22gcid-40c52551-6cfe-48fc-bb6f-0c58add1570e%22:%91%22button_bg_color%22%93}&#8221;][\/et_pb_button][\/et_pb_column][\/et_pb_row][\/et_pb_section][et_pb_section fb_built=&#8221;1&#8243; _builder_version=&#8221;4.16&#8243; _module_preset=&#8221;default&#8221; background_color=&#8221;gcid-0f1c435a-1b08-41c5-9e73-e66298079a24&#8243; custom_margin=&#8221;||||false|false&#8221; custom_margin_tablet=&#8221;50px||||false|false&#8221; custom_margin_phone=&#8221;0px||||false|false&#8221; custom_margin_last_edited=&#8221;on|phone&#8221; custom_padding=&#8221;3px|||||&#8221; global_colors_info=&#8221;{%22gcid-0f1c435a-1b08-41c5-9e73-e66298079a24%22:%91%22background_color%22%93}&#8221;][et_pb_row _builder_version=&#8221;4.16&#8243; _module_preset=&#8221;default&#8221; global_colors_info=&#8221;{}&#8221;][et_pb_column type=&#8221;4_4&#8243; _builder_version=&#8221;4.16&#8243; _module_preset=&#8221;default&#8221; global_colors_info=&#8221;{}&#8221;][et_pb_text _builder_version=&#8221;4.17.4&#8243; _module_preset=&#8221;default&#8221; custom_margin=&#8221;||10px||false|false&#8221; global_colors_info=&#8221;{}&#8221;]<\/p>\n<div class=\"et_pb_module et_pb_text et_pb_text_3 et_pb_text_align_left et_pb_bg_layout_light et_had_animation\">\n<div class=\"et_pb_text_inner\">\n<p>Daily delights<\/p>\n<\/div>\n<\/div>\n<p>[\/et_pb_text][et_pb_text _builder_version=&#8221;4.17.4&#8243; _module_preset=&#8221;ed9733e9-ea92-46fc-8780-8ef431458ce5&#8243; max_width=&#8221;555px&#8221; hover_enabled=&#8221;0&#8243; global_colors_info=&#8221;{}&#8221; sticky_enabled=&#8221;0&#8243;]<\/p>\n<h2>Something for everyone<\/h2>\n<p>[\/et_pb_text][et_pb_text _builder_version=&#8221;4.27.4&#8243; _module_preset=&#8221;default&#8221; max_width=&#8221;650px&#8221; custom_margin=&#8221;||10px||false|false&#8221; hover_enabled=&#8221;0&#8243; global_colors_info=&#8221;{}&#8221; sticky_enabled=&#8221;0&#8243;]<\/p>\n<p data-start=\"245\" data-end=\"388\">We\u2019re proud to serve food around the clock. Enjoy dishes from the Caf\u00e9 Morgenr\u00f8d menu, or pick up hot and cold options from the counter in our shop, LYST.<\/p>\n<p data-start=\"245\" data-end=\"388\">We also offer takeaway, so you can enjoy your meal wherever it suits you best.<\/p>\n<p>[\/et_pb_text][\/et_pb_column][\/et_pb_row][et_pb_row column_structure=&#8221;1_2,1_2&#8243; use_custom_gutter=&#8221;on&#8221; gutter_width=&#8221;2&#8243; make_equal=&#8221;on&#8221; _builder_version=&#8221;4.16&#8243; _module_preset=&#8221;default&#8221; global_colors_info=&#8221;{}&#8221;][et_pb_column type=&#8221;1_2&#8243; _builder_version=&#8221;4.16&#8243; _module_preset=&#8221;default&#8221; background_color=&#8221;#ffffff&#8221; global_colors_info=&#8221;{}&#8221;][et_pb_divider show_divider=&#8221;off&#8221; _builder_version=&#8221;4.16&#8243; _module_preset=&#8221;2c02f4c7-dede-487c-8228-74935527f7f0&#8243; background_image=&#8221;https:\/\/kronenhotels.no\/wp-content\/uploads\/2022\/03\/St.-Svithun-Hotell-26.jpg&#8221; global_colors_info=&#8221;{}&#8221;][\/et_pb_divider][et_pb_text module_class=&#8221;liste_marger&#8221; _builder_version=&#8221;4.17.4&#8243; _module_preset=&#8221;67011609-7039-4cc1-858a-1df5613afffb&#8221; custom_padding=&#8221;|30px||30px|false|true&#8221; global_colors_info=&#8221;{}&#8221;]<\/p>\n<h4>Breakfast Buffet<\/h4>\n<p>[\/et_pb_text][et_pb_text _builder_version=&#8221;4.27.4&#8243; _module_preset=&#8221;default&#8221; custom_padding=&#8221;|30px|30px|30px|false|true&#8221; global_colors_info=&#8221;{}&#8221;]<\/p>\n<p><span>Our breakfast buffet guarantees a great start to your day!<\/span><\/p>\n<p>Monday to Friday 06.30-10.00<br \/>Saturday and Sunday 07.00-10.00<\/p>\n<p>[\/et_pb_text][\/et_pb_column][et_pb_column type=&#8221;1_2&#8243; _builder_version=&#8221;4.16&#8243; _module_preset=&#8221;default&#8221; background_color=&#8221;#ffffff&#8221; global_colors_info=&#8221;{}&#8221;][et_pb_divider show_divider=&#8221;off&#8221; _builder_version=&#8221;4.27.4&#8243; _module_preset=&#8221;2c02f4c7-dede-487c-8228-74935527f7f0&#8243; background_image=&#8221;https:\/\/kronenhotels.no\/wp-content\/uploads\/2025\/02\/St.Svithun-7549.jpg&#8221; global_colors_info=&#8221;{}&#8221;][\/et_pb_divider][et_pb_text module_class=&#8221;liste_marger&#8221; _builder_version=&#8221;4.16&#8243; _module_preset=&#8221;67011609-7039-4cc1-858a-1df5613afffb&#8221; custom_padding=&#8221;|30px||30px|false|true&#8221; global_colors_info=&#8221;{}&#8221;]<\/p>\n<h4>\u00c0 la carte and takeaway<\/h4>\n<p>[\/et_pb_text][et_pb_text _builder_version=&#8221;4.27.4&#8243; _module_preset=&#8221;default&#8221; custom_padding=&#8221;|30px|30px|30px|false|true&#8221; global_colors_info=&#8221;{}&#8221;]<\/p>\n<p>Available daily from 10:30 to 15:00. See what&#8217;s new on our menu!<\/p>\n<p>[\/et_pb_text][\/et_pb_column][\/et_pb_row][et_pb_row _builder_version=&#8221;4.16&#8243; _module_preset=&#8221;default&#8221; global_colors_info=&#8221;{}&#8221;][et_pb_column type=&#8221;4_4&#8243; _builder_version=&#8221;4.16&#8243; _module_preset=&#8221;default&#8221; global_colors_info=&#8221;{}&#8221;][et_pb_button button_url=&#8221;@ET-DC@eyJkeW5hbWljIjp0cnVlLCJjb250ZW50IjoicG9zdF9saW5rX3VybF9hdHRhY2htZW50Iiwic2V0dGluZ3MiOnsicG9zdF9pZCI6IjI0NzgxMiJ9fQ==@&#8221; url_new_window=&#8221;on&#8221; button_text=&#8221;See our menu&#8221; disabled_on=&#8221;off|off|off&#8221; _builder_version=&#8221;4.27.4&#8243; _dynamic_attributes=&#8221;button_url&#8221; _module_preset=&#8221;44cacfcc-850e-48bb-b909-2c82d5b71dcf&#8221; button_bg_color=&#8221;gcid-40c52551-6cfe-48fc-bb6f-0c58add1570e&#8221; custom_margin=&#8221;|||10px|false|false&#8221; custom_margin_tablet=&#8221;|||10px|false|false&#8221; custom_margin_phone=&#8221;|||0px|false|false&#8221; saved_tabs=&#8221;all&#8221; global_colors_info=&#8221;{%22gcid-40c52551-6cfe-48fc-bb6f-0c58add1570e%22:%91%22button_bg_color%22%93}&#8221;][\/et_pb_button][\/et_pb_column][\/et_pb_row][\/et_pb_section][et_pb_section fb_built=&#8221;1&#8243; _builder_version=&#8221;4.27.4&#8243; _module_preset=&#8221;default&#8221; background_image=&#8221;https:\/\/kronenhotels.no\/wp-content\/uploads\/2025\/02\/St.Svithun-7499-scaled.jpg&#8221; parallax=&#8221;on&#8221; height=&#8221;70vh&#8221; height_tablet=&#8221;70vh&#8221; height_phone=&#8221;50vh&#8221; height_last_edited=&#8221;on|phone&#8221; custom_padding=&#8221;120px||120px||true|false&#8221; global_colors_info=&#8221;{}&#8221;][et_pb_row custom_padding_last_edited=&#8221;on|phone&#8221; _builder_version=&#8221;4.16&#8243; _module_preset=&#8221;default&#8221; background_color=&#8221;#ffffff&#8221; positioning=&#8221;absolute&#8221; position_origin_a=&#8221;center_center&#8221; max_width=&#8221;565px&#8221; custom_padding=&#8221;80px|80px|80px|80px|true|true&#8221; custom_padding_tablet=&#8221;40px|40px|0px|40px|false|true&#8221; custom_padding_phone=&#8221;30px|30px|30px|30px|false|true&#8221; global_colors_info=&#8221;{}&#8221;][et_pb_column type=&#8221;4_4&#8243; _builder_version=&#8221;4.16&#8243; _module_preset=&#8221;default&#8221; global_colors_info=&#8221;{}&#8221;][et_pb_text _builder_version=&#8221;4.27.4&#8243; _module_preset=&#8221;67011609-7039-4cc1-858a-1df5613afffb&#8221; background_color=&#8221;RGBA(255,255,255,0)&#8221; global_colors_info=&#8221;{}&#8221;]<\/p>\n<h4 style=\"text-align: center;\">Do you work at SUS?<\/h4>\n<p style=\"text-align: center;\">Looking for a healthy and quick meal during your workday? Need a convenient lunch break option?<\/p>\n<p style=\"text-align: center;\">Our \u00e0 la carte menu is available for takeaway exclusively for employees at SUS.<\/p>\n<p style=\"text-align: center;\">Order via <a href=\"https:\/\/susmat.no\">susmat.no.<\/a><\/p>\n<p>[\/et_pb_text][\/et_pb_column][\/et_pb_row][\/et_pb_section][et_pb_section fb_built=&#8221;1&#8243; module_id=&#8221;Julebord&#8221; _builder_version=&#8221;4.16&#8243; _module_preset=&#8221;default&#8221; custom_margin=&#8221;90px||90px||true|false&#8221; custom_margin_tablet=&#8221;0px||90px||false|false&#8221; custom_margin_phone=&#8221;40px||40px||true|false&#8221; custom_margin_last_edited=&#8221;on|phone&#8221; custom_padding=&#8221;0px||0px||true|false&#8221; locked=&#8221;off&#8221; global_colors_info=&#8221;{}&#8221;][et_pb_row column_structure=&#8221;1_2,1_2&#8243; use_custom_gutter=&#8221;on&#8221; gutter_width=&#8221;1&#8243; make_equal=&#8221;on&#8221; _builder_version=&#8221;4.27.4&#8243; _module_preset=&#8221;default&#8221; custom_margin=&#8221;0px||0px||true|false&#8221; custom_padding=&#8221;0px||0px||true|false&#8221; global_colors_info=&#8221;{}&#8221;][et_pb_column type=&#8221;1_2&#8243; _builder_version=&#8221;4.16&#8243; _module_preset=&#8221;34cf2af9-fa0c-43bf-8c6e-e4951fbdf101&#8243; global_colors_info=&#8221;{}&#8221;][et_pb_text _builder_version=&#8221;4.27.4&#8243; _module_preset=&#8221;505268df-46f4-4701-8de9-e30c3e4b0a25&#8243; global_colors_info=&#8221;{}&#8221;]<\/p>\n<h3>The LYST Shop \u2013 <em>a little joy in your day<\/em><\/h3>\n<p>[\/et_pb_text][et_pb_text _builder_version=&#8221;4.27.4&#8243; _module_preset=&#8221;default&#8221; custom_margin=&#8221;||30px||false|false&#8221; global_colors_info=&#8221;{}&#8221;]<\/p>\n<p data-start=\"78\" data-end=\"222\"><strong data-start=\"78\" data-end=\"153\">Looking for a quick bite, a cozy reading break, or just a quiet moment?<\/strong><br data-start=\"153\" data-end=\"156\" \/>You\u2019ll find our little shop, <strong data-start=\"185\" data-end=\"193\">LYST<\/strong>, right in the hotel lobby.<\/p>\n<p data-start=\"224\" data-end=\"444\">LYST offers a wide selection to brighten your day\u2014from fresh fruit drinks, sandwiches, and hot meals to thoughtful little gifts. You\u2019ll also find self-care products, books, magazines, and even flowers\u2014all in one place.<\/p>\n<p data-start=\"446\" data-end=\"550\">Whether you\u2019re grabbing something on the go or enjoying it here with us, LYST is always a good choice.<\/p>\n<p>[\/et_pb_text][\/et_pb_column][et_pb_column type=&#8221;1_2&#8243; _builder_version=&#8221;4.27.4&#8243; _module_preset=&#8221;default&#8221; background_image=&#8221;https:\/\/kronenhotels.no\/wp-content\/uploads\/2025\/03\/St.Svithun-3338-scaled.jpg&#8221; global_colors_info=&#8221;{}&#8221;][et_pb_divider show_divider=&#8221;off&#8221; _builder_version=&#8221;4.16&#8243; _module_preset=&#8221;default&#8221; min_height=&#8221;250px&#8221; min_height_tablet=&#8221;350px&#8221; min_height_phone=&#8221;200px&#8221; min_height_last_edited=&#8221;on|phone&#8221; global_colors_info=&#8221;{}&#8221;][\/et_pb_divider][\/et_pb_column][\/et_pb_row][\/et_pb_section]<\/p>\n","protected":false},"excerpt":{"rendered":"<p>Dine with us Caf\u00e9 Morgenr\u00f8dCaf\u00e9 Morgenr\u00f8d at St. Svithun Hotell serves breakfast and lunch Monday\u2013Friday, and breakfast on weekends. Daily delights Something for everyoneWe\u2019re proud to serve food around the clock. Enjoy dishes from the Caf\u00e9 Morgenr\u00f8d menu, or pick up hot and cold options from the counter in our shop, LYST. We also offer [&hellip;]<\/p>\n","protected":false},"author":1,"featured_media":238690,"parent":240564,"menu_order":0,"comment_status":"closed","ping_status":"closed","template":"","meta":{"_et_pb_use_builder":"on","_et_pb_old_content":"","_et_gb_content_width":"","footnotes":""},"class_list":["post-240591","page","type-page","status-publish","has-post-thumbnail","hentry"],"yoast_head":"<!-- This site is optimized with the Yoast SEO plugin v27.3 - https:\/\/yoast.com\/product\/yoast-seo-wordpress\/ -->\n<title>Caf\u00e9 - St. Svithun Hotell - Kronen Hotels<\/title>\n<meta name=\"robots\" content=\"index, follow, max-snippet:-1, max-image-preview:large, max-video-preview:-1\" \/>\n<link rel=\"canonical\" href=\"https:\/\/kronenhotels.no\/en\/st-svithun-hotell\/cafe\/\" \/>\n<meta property=\"og:locale\" content=\"en_US\" \/>\n<meta property=\"og:type\" content=\"article\" \/>\n<meta property=\"og:title\" content=\"Caf\u00e9 - St. Svithun Hotell - Kronen Hotels\" \/>\n<meta property=\"og:description\" content=\"Dine with us Caf\u00e9 Morgenr\u00f8dCaf\u00e9 Morgenr\u00f8d at St. Svithun Hotell serves breakfast and lunch Monday\u2013Friday, and breakfast on weekends. Daily delights Something for everyoneWe\u2019re proud to serve food around the clock. Enjoy dishes from the Caf\u00e9 Morgenr\u00f8d menu, or pick up hot and cold options from the counter in our shop, LYST. We also offer [&hellip;]\" \/>\n<meta property=\"og:url\" content=\"https:\/\/kronenhotels.no\/en\/st-svithun-hotell\/cafe\/\" \/>\n<meta property=\"og:site_name\" content=\"Kronen Hotels\" \/>\n<meta property=\"article:modified_time\" content=\"2025-11-24T10:01:53+00:00\" \/>\n<meta property=\"og:image\" content=\"https:\/\/kronenhotels.no\/wp-content\/uploads\/2022\/05\/St.-Svithun-Hotell-31.jpg\" \/>\n\t<meta property=\"og:image:width\" content=\"2000\" \/>\n\t<meta property=\"og:image:height\" content=\"1335\" \/>\n\t<meta property=\"og:image:type\" content=\"image\/jpeg\" \/>\n<meta name=\"twitter:card\" content=\"summary_large_image\" \/>\n<meta name=\"twitter:label1\" content=\"Est. reading time\" \/>\n\t<meta name=\"twitter:data1\" content=\"4 minutes\" \/>\n<script type=\"application\/ld+json\" class=\"yoast-schema-graph\">{\"@context\":\"https:\\\/\\\/schema.org\",\"@graph\":[{\"@type\":\"WebPage\",\"@id\":\"https:\\\/\\\/kronenhotels.no\\\/en\\\/st-svithun-hotell\\\/cafe\\\/\",\"url\":\"https:\\\/\\\/kronenhotels.no\\\/en\\\/st-svithun-hotell\\\/cafe\\\/\",\"name\":\"Caf\u00e9 - St. Svithun Hotell - Kronen Hotels\",\"isPartOf\":{\"@id\":\"https:\\\/\\\/kronenhotels.no\\\/en\\\/#website\"},\"primaryImageOfPage\":{\"@id\":\"https:\\\/\\\/kronenhotels.no\\\/en\\\/st-svithun-hotell\\\/cafe\\\/#primaryimage\"},\"image\":{\"@id\":\"https:\\\/\\\/kronenhotels.no\\\/en\\\/st-svithun-hotell\\\/cafe\\\/#primaryimage\"},\"thumbnailUrl\":\"https:\\\/\\\/kronenhotels.no\\\/wp-content\\\/uploads\\\/2022\\\/05\\\/St.-Svithun-Hotell-31.jpg\",\"datePublished\":\"2022-03-23T08:16:59+00:00\",\"dateModified\":\"2025-11-24T10:01:53+00:00\",\"breadcrumb\":{\"@id\":\"https:\\\/\\\/kronenhotels.no\\\/en\\\/st-svithun-hotell\\\/cafe\\\/#breadcrumb\"},\"inLanguage\":\"en-US\",\"potentialAction\":[{\"@type\":\"ReadAction\",\"target\":[\"https:\\\/\\\/kronenhotels.no\\\/en\\\/st-svithun-hotell\\\/cafe\\\/\"]}]},{\"@type\":\"ImageObject\",\"inLanguage\":\"en-US\",\"@id\":\"https:\\\/\\\/kronenhotels.no\\\/en\\\/st-svithun-hotell\\\/cafe\\\/#primaryimage\",\"url\":\"https:\\\/\\\/kronenhotels.no\\\/wp-content\\\/uploads\\\/2022\\\/05\\\/St.-Svithun-Hotell-31.jpg\",\"contentUrl\":\"https:\\\/\\\/kronenhotels.no\\\/wp-content\\\/uploads\\\/2022\\\/05\\\/St.-Svithun-Hotell-31.jpg\",\"width\":2000,\"height\":1335},{\"@type\":\"BreadcrumbList\",\"@id\":\"https:\\\/\\\/kronenhotels.no\\\/en\\\/st-svithun-hotell\\\/cafe\\\/#breadcrumb\",\"itemListElement\":[{\"@type\":\"ListItem\",\"position\":1,\"name\":\"Home\",\"item\":\"https:\\\/\\\/kronenhotels.no\\\/en\\\/\"},{\"@type\":\"ListItem\",\"position\":2,\"name\":\"St. Svithun Hotell\",\"item\":\"https:\\\/\\\/kronenhotels.no\\\/en\\\/st-svithun-hotell\\\/\"},{\"@type\":\"ListItem\",\"position\":3,\"name\":\"Caf\u00e9 &#8211; St. Svithun Hotell\"}]},{\"@type\":\"WebSite\",\"@id\":\"https:\\\/\\\/kronenhotels.no\\\/en\\\/#website\",\"url\":\"https:\\\/\\\/kronenhotels.no\\\/en\\\/\",\"name\":\"Kronen Hotels\",\"description\":\"Great experiences based on Norwegian culture, nature and history.\",\"potentialAction\":[{\"@type\":\"SearchAction\",\"target\":{\"@type\":\"EntryPoint\",\"urlTemplate\":\"https:\\\/\\\/kronenhotels.no\\\/en\\\/?s={search_term_string}\"},\"query-input\":{\"@type\":\"PropertyValueSpecification\",\"valueRequired\":true,\"valueName\":\"search_term_string\"}}],\"inLanguage\":\"en-US\"}]}<\/script>\n<!-- \/ Yoast SEO plugin. -->","yoast_head_json":{"title":"Caf\u00e9 - St. Svithun Hotell - Kronen Hotels","robots":{"index":"index","follow":"follow","max-snippet":"max-snippet:-1","max-image-preview":"max-image-preview:large","max-video-preview":"max-video-preview:-1"},"canonical":"https:\/\/kronenhotels.no\/en\/st-svithun-hotell\/cafe\/","og_locale":"en_US","og_type":"article","og_title":"Caf\u00e9 - St. Svithun Hotell - Kronen Hotels","og_description":"Dine with us Caf\u00e9 Morgenr\u00f8dCaf\u00e9 Morgenr\u00f8d at St. Svithun Hotell serves breakfast and lunch Monday\u2013Friday, and breakfast on weekends. Daily delights Something for everyoneWe\u2019re proud to serve food around the clock. Enjoy dishes from the Caf\u00e9 Morgenr\u00f8d menu, or pick up hot and cold options from the counter in our shop, LYST. We also offer [&hellip;]","og_url":"https:\/\/kronenhotels.no\/en\/st-svithun-hotell\/cafe\/","og_site_name":"Kronen Hotels","article_modified_time":"2025-11-24T10:01:53+00:00","og_image":[{"width":2000,"height":1335,"url":"https:\/\/kronenhotels.no\/wp-content\/uploads\/2022\/05\/St.-Svithun-Hotell-31.jpg","type":"image\/jpeg"}],"twitter_card":"summary_large_image","twitter_misc":{"Est. reading time":"4 minutes"},"schema":{"@context":"https:\/\/schema.org","@graph":[{"@type":"WebPage","@id":"https:\/\/kronenhotels.no\/en\/st-svithun-hotell\/cafe\/","url":"https:\/\/kronenhotels.no\/en\/st-svithun-hotell\/cafe\/","name":"Caf\u00e9 - St. Svithun Hotell - Kronen Hotels","isPartOf":{"@id":"https:\/\/kronenhotels.no\/en\/#website"},"primaryImageOfPage":{"@id":"https:\/\/kronenhotels.no\/en\/st-svithun-hotell\/cafe\/#primaryimage"},"image":{"@id":"https:\/\/kronenhotels.no\/en\/st-svithun-hotell\/cafe\/#primaryimage"},"thumbnailUrl":"https:\/\/kronenhotels.no\/wp-content\/uploads\/2022\/05\/St.-Svithun-Hotell-31.jpg","datePublished":"2022-03-23T08:16:59+00:00","dateModified":"2025-11-24T10:01:53+00:00","breadcrumb":{"@id":"https:\/\/kronenhotels.no\/en\/st-svithun-hotell\/cafe\/#breadcrumb"},"inLanguage":"en-US","potentialAction":[{"@type":"ReadAction","target":["https:\/\/kronenhotels.no\/en\/st-svithun-hotell\/cafe\/"]}]},{"@type":"ImageObject","inLanguage":"en-US","@id":"https:\/\/kronenhotels.no\/en\/st-svithun-hotell\/cafe\/#primaryimage","url":"https:\/\/kronenhotels.no\/wp-content\/uploads\/2022\/05\/St.-Svithun-Hotell-31.jpg","contentUrl":"https:\/\/kronenhotels.no\/wp-content\/uploads\/2022\/05\/St.-Svithun-Hotell-31.jpg","width":2000,"height":1335},{"@type":"BreadcrumbList","@id":"https:\/\/kronenhotels.no\/en\/st-svithun-hotell\/cafe\/#breadcrumb","itemListElement":[{"@type":"ListItem","position":1,"name":"Home","item":"https:\/\/kronenhotels.no\/en\/"},{"@type":"ListItem","position":2,"name":"St. Svithun Hotell","item":"https:\/\/kronenhotels.no\/en\/st-svithun-hotell\/"},{"@type":"ListItem","position":3,"name":"Caf\u00e9 &#8211; St. Svithun Hotell"}]},{"@type":"WebSite","@id":"https:\/\/kronenhotels.no\/en\/#website","url":"https:\/\/kronenhotels.no\/en\/","name":"Kronen Hotels","description":"Great experiences based on Norwegian culture, nature and history.","potentialAction":[{"@type":"SearchAction","target":{"@type":"EntryPoint","urlTemplate":"https:\/\/kronenhotels.no\/en\/?s={search_term_string}"},"query-input":{"@type":"PropertyValueSpecification","valueRequired":true,"valueName":"search_term_string"}}],"inLanguage":"en-US"}]}},"_links":{"self":[{"href":"https:\/\/kronenhotels.no\/en\/wp-json\/wp\/v2\/pages\/240591","targetHints":{"allow":["GET"]}}],"collection":[{"href":"https:\/\/kronenhotels.no\/en\/wp-json\/wp\/v2\/pages"}],"about":[{"href":"https:\/\/kronenhotels.no\/en\/wp-json\/wp\/v2\/types\/page"}],"author":[{"embeddable":true,"href":"https:\/\/kronenhotels.no\/en\/wp-json\/wp\/v2\/users\/1"}],"replies":[{"embeddable":true,"href":"https:\/\/kronenhotels.no\/en\/wp-json\/wp\/v2\/comments?post=240591"}],"version-history":[{"count":0,"href":"https:\/\/kronenhotels.no\/en\/wp-json\/wp\/v2\/pages\/240591\/revisions"}],"up":[{"embeddable":true,"href":"https:\/\/kronenhotels.no\/en\/wp-json\/wp\/v2\/pages\/240564"}],"wp:featuredmedia":[{"embeddable":true,"href":"https:\/\/kronenhotels.no\/en\/wp-json\/wp\/v2\/media\/238690"}],"wp:attachment":[{"href":"https:\/\/kronenhotels.no\/en\/wp-json\/wp\/v2\/media?parent=240591"}],"curies":[{"name":"wp","href":"https:\/\/api.w.org\/{rel}","templated":true}]}}