{"id":240688,"date":"2022-03-23T11:59:29","date_gmt":"2022-03-23T11:59:29","guid":{"rendered":"https:\/\/kronenhotels.no\/hotel-sverre\/om-oss\/"},"modified":"2025-10-01T05:57:06","modified_gmt":"2025-10-01T05:57:06","slug":"about-us","status":"publish","type":"page","link":"https:\/\/kronenhotels.no\/en\/hotel-sverre\/about-us\/","title":{"rendered":"About Us &#8211; Hotel Sverre"},"content":{"rendered":"<p>[et_pb_section fb_built=&#8221;1&#8243; _builder_version=&#8221;4.27.4&#8243; _module_preset=&#8221;ca9af37d-0a36-4b1a-b14a-53b6c3c28e72&#8243; background_image=&#8221;https:\/\/kronenhotels.no\/wp-content\/uploads\/2025\/04\/HotellSverre-4740-scaled.jpg&#8221; hover_enabled=&#8221;0&#8243; global_colors_info=&#8221;{}&#8221; title_text=&#8221;HotellSverre-4740&#8243; sticky_enabled=&#8221;0&#8243;][\/et_pb_section][et_pb_section fb_built=&#8221;1&#8243; admin_label=&#8221;Referanser&#8221; _builder_version=&#8221;4.16&#8243; _module_preset=&#8221;700a669e-070c-4b5c-baf9-28d57d76c535&#8243; global_colors_info=&#8221;{}&#8221;][et_pb_row _builder_version=&#8221;4.16&#8243; _module_preset=&#8221;default&#8221; global_colors_info=&#8221;{}&#8221;][et_pb_column type=&#8221;4_4&#8243; _builder_version=&#8221;4.16&#8243; _module_preset=&#8221;default&#8221; global_colors_info=&#8221;{}&#8221;][et_pb_text _builder_version=&#8221;4.27.4&#8243; _module_preset=&#8221;default&#8221; custom_margin=&#8221;||10px||false|false&#8221; global_colors_info=&#8221;{}&#8221;]<\/p>\n<p style=\"text-align: center;\">Stay in the Heart of Sandnes at Hotel Sverre<\/p>\n<p>[\/et_pb_text][et_pb_text _builder_version=&#8221;4.27.4&#8243; _module_preset=&#8221;4c845d14-0912-4529-b6e2-13e125164a77&#8243; global_colors_info=&#8221;{}&#8221;]<\/p>\n<h1 style=\"text-align: center;\">Getting to Hotel Sverre<\/h1>\n<p>[\/et_pb_text][et_pb_text _builder_version=&#8221;4.27.4&#8243; _module_preset=&#8221;default&#8221; max_width=&#8221;800px&#8221; module_alignment=&#8221;center&#8221; global_colors_info=&#8221;{}&#8221;]<\/p>\n<p style=\"text-align: center;\"><span>Hotel Sverre is centrally located in Sandnes city center, just steps away from Langgata \u2013 a lively pedestrian street filled with shops, restaurants, and caf\u00e9s, perfect for exploring during your stay.<\/span><\/p>\n<div class=\"et_pb_module et_pb_text et_pb_text_14 et_pb_text_align_left et_pb_bg_layout_light et_had_animation\">\n<div class=\"et_pb_text_inner\" style=\"text-align: center;\">\n<h6><strong><br \/>By Train or Bus<\/strong><\/h6>\n<p>Hotel Sverre is only a 2-minute walk from Sandnes train and bus station, making it easily accessible by public transport. Whether you\u2019re traveling from Stavanger, Sandnes, or planning a day trip to Egersund, the train station&#8217;s proximity ensures a convenient journey.<\/p>\n<p>To plan your bus route, visit <a href=\"https:\/\/www.kolumbus.no\">kolumbus.no<\/a>.<\/p>\n<h6><strong>By Car<\/strong><\/h6>\n<p>For guests arriving by car, there are a few paid (pay via EasyPark) parking spaces directly next to the hotel, as well as plenty of paid street parking and public parking options nearby. <\/p>\n<p>Need to charge your electric vehicle? A charging station is just a minute\u2019s walk away, located outside the boutique \u201cOm igjen\u201d on Storgata.<\/p>\n<\/div>\n<\/div>\n<p>[\/et_pb_text][\/et_pb_column][\/et_pb_row][\/et_pb_section][et_pb_section fb_built=&#8221;1&#8243; _builder_version=&#8221;4.16&#8243; _module_preset=&#8221;default&#8221; background_color=&#8221;gcid-0f1c435a-1b08-41c5-9e73-e66298079a24&#8243; custom_padding=&#8221;3px|||||&#8221; global_colors_info=&#8221;{%22gcid-0f1c435a-1b08-41c5-9e73-e66298079a24%22:%91%22background_color%22%93}&#8221;][et_pb_row column_structure=&#8221;1_2,1_2&#8243; _builder_version=&#8221;4.16&#8243; _module_preset=&#8221;default&#8221; global_colors_info=&#8221;{}&#8221;][et_pb_column type=&#8221;1_2&#8243; _builder_version=&#8221;4.16&#8243; _module_preset=&#8221;default&#8221; global_colors_info=&#8221;{}&#8221;][et_pb_text _builder_version=&#8221;4.27.4&#8243; _module_preset=&#8221;67011609-7039-4cc1-858a-1df5613afffb&#8221; global_colors_info=&#8221;{}&#8221;]<\/p>\n<h4>Affordable, Central, and Convenient Accommodation in Sandnes<\/h4>\n<p>Hotel Sverre offers budget-friendly accommodations in the heart of Sandnes city center. Our central location makes us an ideal choice for both families and business travelers. Right next to Langgata, a vibrant pedestrian street filled with shops, restaurants, and caf\u00e9s, we are also within walking distance of key locations such as the train and bus stations, cinema, shopping malls, Mathallen, Vitenfabrikken, and Fun Center.<\/p>\n<p><strong>Comfortable Rooms and Relaxed Atmosphere<\/strong><br \/>Hotel Sverre features 69 rooms and a welcoming atmosphere, ensuring you have a pleasant and comfortable stay during your visit to Sandnes.\u00a0<\/p>\n<p><strong>Dining Options Nearby\u00a0<\/strong><br \/>For lunch or dinner, we highly recommend our sister hotel, <a href=\"https:\/\/gamlavaerket.no\"><strong>GamlaV\u00e6rket<\/strong><\/a>, located just a short walk away on Langgata. As a guest at Hotel Sverre, you\u2019ll receive <strong>10% off meals<\/strong> at their restaurant. GamlaV\u00e6rket also features the cozy Emanuels Plass Caf\u00e9 and the charming bar, VinV\u00e6rket.<\/p>\n<p><strong>Snacks and Beverages\u00a0<br \/><\/strong>For quick refreshments, a vending machine with snacks and beverages is available in our lobby.<\/p>\n<p>&nbsp;<\/p>\n<p>[\/et_pb_text][\/et_pb_column][et_pb_column type=&#8221;1_2&#8243; _builder_version=&#8221;4.16&#8243; _module_preset=&#8221;default&#8221; global_colors_info=&#8221;{}&#8221;][et_pb_text _builder_version=&#8221;4.27.4&#8243; _module_preset=&#8221;67011609-7039-4cc1-858a-1df5613afffb&#8221; global_colors_info=&#8221;{}&#8221;]<\/p>\n<h4>Reception-Free Hotel<\/h4>\n<p>Hotel Sverre operates as a modern, reception-free hotel, providing a seamless and hassle-free experience for all guests. Booking and payment are handled securely online, and once your reservation is confirmed, you\u2019ll receive the main door code via email to access the hotel.<\/p>\n<p><strong>Easy Check-In and Room Key Creation<\/strong><br \/>Guests can check in online or use our user-friendly MEWS kiosk located at the reception area. The kiosk allows you to create your own room key in just a few simple steps \u2013 it\u2019s as easy as 1-2-3!<\/p>\n<p><strong>Support When You Need It<\/strong><br \/>While we are a reception-free hotel, guest comfort and security remain our top priority. Our hotel reception team conducts daily inspections and is available 24\/7 for assistance via phone at <strong>+47 51 97 30 00<\/strong> or <a href=\"mailto:booking@hotel-sverre.no\">booking@hotel-sverre.no<\/a>.<\/p>\n<p>Experience the convenience of a reception-free stay at Hotel Sverre \u2013 where simplicity meets comfort.<\/p>\n<p>[\/et_pb_text][et_pb_text _builder_version=&#8221;4.27.4&#8243; _module_preset=&#8221;67011609-7039-4cc1-858a-1df5613afffb&#8221; global_colors_info=&#8221;{}&#8221;]<\/p>\n<h4>Breakfast at Hotel Sverre<\/h4>\n<p>Start your day with breakfast at Hotel Sverre for only kr 115,-.<\/p>\n<p>Breakfast is served:<\/p>\n<ul>\n<li>Monday to Friday: <strong>06:30 \u2013 09:30<\/strong><\/li>\n<li>Saturday, Sunday, and public holidays: <strong>07:30 \u2013 10:30<\/strong><\/li>\n<\/ul>\n<p>[\/et_pb_text][\/et_pb_column][\/et_pb_row][\/et_pb_section][et_pb_section fb_built=&#8221;1&#8243; _builder_version=&#8221;4.16&#8243; _module_preset=&#8221;default&#8221; custom_margin=&#8221;0px||0px||true|false&#8221; custom_padding=&#8221;0px||0px||true|false&#8221; global_colors_info=&#8221;{}&#8221;][et_pb_row _builder_version=&#8221;4.16&#8243; _module_preset=&#8221;default&#8221; width=&#8221;100%&#8221; max_width=&#8221;100%&#8221; custom_margin=&#8221;0px||0px||true|false&#8221; custom_padding=&#8221;0px||0px||true|false&#8221; global_colors_info=&#8221;{}&#8221;][et_pb_column type=&#8221;4_4&#8243; _builder_version=&#8221;4.16&#8243; _module_preset=&#8221;default&#8221; global_colors_info=&#8221;{}&#8221;][et_pb_gallery gallery_ids=&#8221;235067,235066,233279,233272,235063,233274,235064,235065&#8243; posts_number=&#8221;8&#8243; _builder_version=&#8221;4.16&#8243; _module_preset=&#8221;3ddaa85f-5a6c-4a1f-9558-2666cf5e621e&#8221; global_colors_info=&#8221;{}&#8221;][\/et_pb_gallery][\/et_pb_column][\/et_pb_row][\/et_pb_section]<\/p>\n","protected":false},"excerpt":{"rendered":"<p>Stay in the Heart of Sandnes at Hotel SverreGetting to Hotel SverreHotel Sverre is centrally located in Sandnes city center, just steps away from Langgata \u2013 a lively pedestrian street filled with shops, restaurants, and caf\u00e9s, perfect for exploring during your stay. By Train or Bus Hotel Sverre is only a 2-minute walk from Sandnes [&hellip;]<\/p>\n","protected":false},"author":1,"featured_media":238924,"parent":239373,"menu_order":0,"comment_status":"closed","ping_status":"closed","template":"","meta":{"_et_pb_use_builder":"on","_et_pb_old_content":"","_et_gb_content_width":"","footnotes":""},"class_list":["post-240688","page","type-page","status-publish","has-post-thumbnail","hentry"],"yoast_head":"<!-- This site is optimized with the Yoast SEO plugin v27.3 - https:\/\/yoast.com\/product\/yoast-seo-wordpress\/ -->\n<title>About Us - Hotel Sverre - Kronen Hotels<\/title>\n<meta name=\"robots\" content=\"index, follow, max-snippet:-1, max-image-preview:large, max-video-preview:-1\" \/>\n<link rel=\"canonical\" href=\"https:\/\/kronenhotels.no\/en\/hotel-sverre\/about-us\/\" \/>\n<meta property=\"og:locale\" content=\"en_US\" \/>\n<meta property=\"og:type\" content=\"article\" \/>\n<meta property=\"og:title\" content=\"About Us - Hotel Sverre - Kronen Hotels\" \/>\n<meta property=\"og:description\" content=\"Stay in the Heart of Sandnes at Hotel SverreGetting to Hotel SverreHotel Sverre is centrally located in Sandnes city center, just steps away from Langgata \u2013 a lively pedestrian street filled with shops, restaurants, and caf\u00e9s, perfect for exploring during your stay. By Train or Bus Hotel Sverre is only a 2-minute walk from Sandnes [&hellip;]\" \/>\n<meta property=\"og:url\" content=\"https:\/\/kronenhotels.no\/en\/hotel-sverre\/about-us\/\" \/>\n<meta property=\"og:site_name\" content=\"Kronen Hotels\" \/>\n<meta property=\"article:modified_time\" content=\"2025-10-01T05:57:06+00:00\" \/>\n<meta property=\"og:image\" content=\"https:\/\/kronenhotels.no\/wp-content\/uploads\/2022\/05\/topp-bilde-hotell-sverre0.jpg\" \/>\n\t<meta property=\"og:image:width\" content=\"1920\" \/>\n\t<meta property=\"og:image:height\" content=\"1282\" \/>\n\t<meta property=\"og:image:type\" content=\"image\/jpeg\" \/>\n<meta name=\"twitter:card\" content=\"summary_large_image\" \/>\n<meta name=\"twitter:label1\" content=\"Est. reading time\" \/>\n\t<meta name=\"twitter:data1\" content=\"3 minutes\" \/>\n<script type=\"application\/ld+json\" class=\"yoast-schema-graph\">{\"@context\":\"https:\\\/\\\/schema.org\",\"@graph\":[{\"@type\":\"WebPage\",\"@id\":\"https:\\\/\\\/kronenhotels.no\\\/en\\\/hotel-sverre\\\/about-us\\\/\",\"url\":\"https:\\\/\\\/kronenhotels.no\\\/en\\\/hotel-sverre\\\/about-us\\\/\",\"name\":\"About Us - Hotel Sverre - Kronen Hotels\",\"isPartOf\":{\"@id\":\"https:\\\/\\\/kronenhotels.no\\\/en\\\/#website\"},\"primaryImageOfPage\":{\"@id\":\"https:\\\/\\\/kronenhotels.no\\\/en\\\/hotel-sverre\\\/about-us\\\/#primaryimage\"},\"image\":{\"@id\":\"https:\\\/\\\/kronenhotels.no\\\/en\\\/hotel-sverre\\\/about-us\\\/#primaryimage\"},\"thumbnailUrl\":\"https:\\\/\\\/kronenhotels.no\\\/wp-content\\\/uploads\\\/2022\\\/05\\\/topp-bilde-hotell-sverre0.jpg\",\"datePublished\":\"2022-03-23T11:59:29+00:00\",\"dateModified\":\"2025-10-01T05:57:06+00:00\",\"breadcrumb\":{\"@id\":\"https:\\\/\\\/kronenhotels.no\\\/en\\\/hotel-sverre\\\/about-us\\\/#breadcrumb\"},\"inLanguage\":\"en-US\",\"potentialAction\":[{\"@type\":\"ReadAction\",\"target\":[\"https:\\\/\\\/kronenhotels.no\\\/en\\\/hotel-sverre\\\/about-us\\\/\"]}]},{\"@type\":\"ImageObject\",\"inLanguage\":\"en-US\",\"@id\":\"https:\\\/\\\/kronenhotels.no\\\/en\\\/hotel-sverre\\\/about-us\\\/#primaryimage\",\"url\":\"https:\\\/\\\/kronenhotels.no\\\/wp-content\\\/uploads\\\/2022\\\/05\\\/topp-bilde-hotell-sverre0.jpg\",\"contentUrl\":\"https:\\\/\\\/kronenhotels.no\\\/wp-content\\\/uploads\\\/2022\\\/05\\\/topp-bilde-hotell-sverre0.jpg\",\"width\":1920,\"height\":1282},{\"@type\":\"BreadcrumbList\",\"@id\":\"https:\\\/\\\/kronenhotels.no\\\/en\\\/hotel-sverre\\\/about-us\\\/#breadcrumb\",\"itemListElement\":[{\"@type\":\"ListItem\",\"position\":1,\"name\":\"Home\",\"item\":\"https:\\\/\\\/kronenhotels.no\\\/en\\\/\"},{\"@type\":\"ListItem\",\"position\":2,\"name\":\"Welcome to Hotel Sverre\",\"item\":\"https:\\\/\\\/kronenhotels.no\\\/en\\\/hotel-sverre\\\/\"},{\"@type\":\"ListItem\",\"position\":3,\"name\":\"About Us &#8211; Hotel Sverre\"}]},{\"@type\":\"WebSite\",\"@id\":\"https:\\\/\\\/kronenhotels.no\\\/en\\\/#website\",\"url\":\"https:\\\/\\\/kronenhotels.no\\\/en\\\/\",\"name\":\"Kronen Hotels\",\"description\":\"Great experiences based on Norwegian culture, nature and history.\",\"potentialAction\":[{\"@type\":\"SearchAction\",\"target\":{\"@type\":\"EntryPoint\",\"urlTemplate\":\"https:\\\/\\\/kronenhotels.no\\\/en\\\/?s={search_term_string}\"},\"query-input\":{\"@type\":\"PropertyValueSpecification\",\"valueRequired\":true,\"valueName\":\"search_term_string\"}}],\"inLanguage\":\"en-US\"}]}<\/script>\n<!-- \/ Yoast SEO plugin. -->","yoast_head_json":{"title":"About Us - Hotel Sverre - Kronen Hotels","robots":{"index":"index","follow":"follow","max-snippet":"max-snippet:-1","max-image-preview":"max-image-preview:large","max-video-preview":"max-video-preview:-1"},"canonical":"https:\/\/kronenhotels.no\/en\/hotel-sverre\/about-us\/","og_locale":"en_US","og_type":"article","og_title":"About Us - Hotel Sverre - Kronen Hotels","og_description":"Stay in the Heart of Sandnes at Hotel SverreGetting to Hotel SverreHotel Sverre is centrally located in Sandnes city center, just steps away from Langgata \u2013 a lively pedestrian street filled with shops, restaurants, and caf\u00e9s, perfect for exploring during your stay. By Train or Bus Hotel Sverre is only a 2-minute walk from Sandnes [&hellip;]","og_url":"https:\/\/kronenhotels.no\/en\/hotel-sverre\/about-us\/","og_site_name":"Kronen Hotels","article_modified_time":"2025-10-01T05:57:06+00:00","og_image":[{"width":1920,"height":1282,"url":"https:\/\/kronenhotels.no\/wp-content\/uploads\/2022\/05\/topp-bilde-hotell-sverre0.jpg","type":"image\/jpeg"}],"twitter_card":"summary_large_image","twitter_misc":{"Est. reading time":"3 minutes"},"schema":{"@context":"https:\/\/schema.org","@graph":[{"@type":"WebPage","@id":"https:\/\/kronenhotels.no\/en\/hotel-sverre\/about-us\/","url":"https:\/\/kronenhotels.no\/en\/hotel-sverre\/about-us\/","name":"About Us - Hotel Sverre - Kronen Hotels","isPartOf":{"@id":"https:\/\/kronenhotels.no\/en\/#website"},"primaryImageOfPage":{"@id":"https:\/\/kronenhotels.no\/en\/hotel-sverre\/about-us\/#primaryimage"},"image":{"@id":"https:\/\/kronenhotels.no\/en\/hotel-sverre\/about-us\/#primaryimage"},"thumbnailUrl":"https:\/\/kronenhotels.no\/wp-content\/uploads\/2022\/05\/topp-bilde-hotell-sverre0.jpg","datePublished":"2022-03-23T11:59:29+00:00","dateModified":"2025-10-01T05:57:06+00:00","breadcrumb":{"@id":"https:\/\/kronenhotels.no\/en\/hotel-sverre\/about-us\/#breadcrumb"},"inLanguage":"en-US","potentialAction":[{"@type":"ReadAction","target":["https:\/\/kronenhotels.no\/en\/hotel-sverre\/about-us\/"]}]},{"@type":"ImageObject","inLanguage":"en-US","@id":"https:\/\/kronenhotels.no\/en\/hotel-sverre\/about-us\/#primaryimage","url":"https:\/\/kronenhotels.no\/wp-content\/uploads\/2022\/05\/topp-bilde-hotell-sverre0.jpg","contentUrl":"https:\/\/kronenhotels.no\/wp-content\/uploads\/2022\/05\/topp-bilde-hotell-sverre0.jpg","width":1920,"height":1282},{"@type":"BreadcrumbList","@id":"https:\/\/kronenhotels.no\/en\/hotel-sverre\/about-us\/#breadcrumb","itemListElement":[{"@type":"ListItem","position":1,"name":"Home","item":"https:\/\/kronenhotels.no\/en\/"},{"@type":"ListItem","position":2,"name":"Welcome to Hotel Sverre","item":"https:\/\/kronenhotels.no\/en\/hotel-sverre\/"},{"@type":"ListItem","position":3,"name":"About Us &#8211; Hotel Sverre"}]},{"@type":"WebSite","@id":"https:\/\/kronenhotels.no\/en\/#website","url":"https:\/\/kronenhotels.no\/en\/","name":"Kronen Hotels","description":"Great experiences based on Norwegian culture, nature and history.","potentialAction":[{"@type":"SearchAction","target":{"@type":"EntryPoint","urlTemplate":"https:\/\/kronenhotels.no\/en\/?s={search_term_string}"},"query-input":{"@type":"PropertyValueSpecification","valueRequired":true,"valueName":"search_term_string"}}],"inLanguage":"en-US"}]}},"_links":{"self":[{"href":"https:\/\/kronenhotels.no\/en\/wp-json\/wp\/v2\/pages\/240688","targetHints":{"allow":["GET"]}}],"collection":[{"href":"https:\/\/kronenhotels.no\/en\/wp-json\/wp\/v2\/pages"}],"about":[{"href":"https:\/\/kronenhotels.no\/en\/wp-json\/wp\/v2\/types\/page"}],"author":[{"embeddable":true,"href":"https:\/\/kronenhotels.no\/en\/wp-json\/wp\/v2\/users\/1"}],"replies":[{"embeddable":true,"href":"https:\/\/kronenhotels.no\/en\/wp-json\/wp\/v2\/comments?post=240688"}],"version-history":[{"count":0,"href":"https:\/\/kronenhotels.no\/en\/wp-json\/wp\/v2\/pages\/240688\/revisions"}],"up":[{"embeddable":true,"href":"https:\/\/kronenhotels.no\/en\/wp-json\/wp\/v2\/pages\/239373"}],"wp:featuredmedia":[{"embeddable":true,"href":"https:\/\/kronenhotels.no\/en\/wp-json\/wp\/v2\/media\/238924"}],"wp:attachment":[{"href":"https:\/\/kronenhotels.no\/en\/wp-json\/wp\/v2\/media?parent=240688"}],"curies":[{"name":"wp","href":"https:\/\/api.w.org\/{rel}","templated":true}]}}